{"id":592,"date":"2025-02-28T22:36:00","date_gmt":"2025-02-28T21:36:00","guid":{"rendered":"https:\/\/kyoobikk.com\/kwp\/?page_id=592"},"modified":"2025-02-28T23:08:37","modified_gmt":"2025-02-28T22:08:37","slug":"en-savoir-plus","status":"publish","type":"page","link":"https:\/\/kyoobikk.com\/kwp\/en-savoir-plus\/","title":{"rendered":"EN SAVOIR PLUS"},"content":{"rendered":"<div class=\"brz-root__container brz-reset-all brz brz-root__container-page\">\n<section id=\"422864878054083f7812_kmfIZeCCKORh\" class=\"brz-section brz-css-159jxg8\">\n<div class=\"brz-section__content brz-section--boxed brz-css-np8g4p brz-css-n1ehch\" data-brz-custom-id=\"uS6M5HzsgIVX\">\n<div class=\"brz-bg\">\n<div class=\"brz-bg-color\"><\/div>\n<\/div>\n<div class=\"brz-container brz-css-15c086g brz-css-73uazg\">\n<div class=\"brz-row__container brz-css-adlaqh\" data-brz-custom-id=\"nWFcxQBQdqxG\">\n<div class=\"brz-bg\"><\/div>\n<div class=\"brz-row brz-css-vvqa3c brz-css-sn23t4\">\n<div class=\"brz-columns brz-css-1fqjht2 brz-css-e1tofn\" data-brz-custom-id=\"jYQcaxa_FfVb\">\n<div class=\"brz-bg\"><\/div>\n<div class=\"brz-column__items brz-css-1p2cjpu brz-css-1j65lq5\">\n<div id=\"\" class=\"brz-css-1p9br96 brz-css-1uix002 brz-wrapper\">\n<div class=\"brz-image brz-css-1vhdeyt\" data-brz-custom-id=\"q8kr75154wUZ\"><picture class=\"brz-picture brz-d-block brz-p-relative brz-css-b3g07i brz-css-19rlpyc\"><source srcset=\"https:\/\/kyoobikk.com\/kwp\/wp-content\/uploads\/2024\/07\/Logo_Oficial-1.png 1x, https:\/\/kyoobikk.com\/kwp\/wp-content\/uploads\/2024\/07\/Logo_Oficial-1.png 2x\" media=\"(min-width: 992px)\"><source srcset=\"https:\/\/kyoobikk.com\/kwp\/wp-content\/uploads\/2024\/07\/Logo_Oficial-1.png 1x, https:\/\/kyoobikk.com\/kwp\/wp-content\/uploads\/2024\/07\/Logo_Oficial-1.png 2x\" media=\"(min-width: 768px)\"><img decoding=\"async\" class=\"brz-img\" srcset=\"https:\/\/kyoobikk.com\/kwp\/wp-content\/uploads\/2024\/07\/Logo_Oficial-1.png 1x, https:\/\/kyoobikk.com\/kwp\/wp-content\/uploads\/2024\/07\/Logo_Oficial-1.png 2x\" src=\"https:\/\/kyoobikk.com\/kwp\/wp-content\/uploads\/2024\/07\/Logo_Oficial-1.png\" alt=\"\" draggable=\"false\" loading=\"lazy\"><\/picture><\/div>\n<\/div>\n<\/div>\n<\/div>\n<div class=\"brz-columns brz-css-1fqjht2 brz-css-9j6ke5\" data-brz-custom-id=\"u1TPlSkYhO0h\">\n<div class=\"brz-bg\"><\/div>\n<div class=\"brz-column__items brz-css-1p2cjpu brz-css-ycbh4o\">\n<div id=\"\" class=\"brz-css-1p9br96 brz-css-z6cpjx brz-wrapper\">\n<div class=\"brz-menu-simple brz-css-boat31 brz-css-1fybd1u\">\n<div style=\"min-height:20px\">\n<div class=\"menu-mainmenufr-container\">\n<ul id=\"menu-mainmenufr\" class=\"menu\">\n<li id=\"menu-item-93\" class=\"menu-item menu-item-type-post_type menu-item-object-page menu-item-93\"><a href=\"https:\/\/kyoobikk.com\/kwp\/homefr\/\">Home<\/a><\/li>\n<li id=\"menu-item-58\" class=\"menu-item menu-item-type-custom menu-item-object-custom menu-item-58\"><a href=\"#wearefr\">Nous Sommes&#8230;<\/a><\/li>\n<li id=\"menu-item-61\" class=\"menu-item menu-item-type-custom menu-item-object-custom menu-item-61\"><a href=\"#companyfr\">Entreprise<\/a><\/li>\n<li id=\"menu-item-144\" class=\"menu-item menu-item-type-post_type menu-item-object-page menu-item-144\"><a href=\"https:\/\/kyoobikk.com\/kwp\/produits\/\">Produits<\/a><\/li>\n<\/ul>\n<\/div>\n<\/div>\n<\/div>\n<\/div>\n<\/div>\n<\/div>\n<div class=\"brz-columns brz-css-1fqjht2 brz-css-1c9fz0r\" data-brz-custom-id=\"cHiYPTPjQ4t4\">\n<div class=\"brz-bg\"><\/div>\n<div class=\"brz-column__items brz-css-1p2cjpu brz-css-97a30x\">\n<div class=\"brz-wrapper-clone brz-css-6gzhyq\">\n<div class=\"brz-d-xs-flex brz-flex-xs-wrap brz-css-tkdunl\" data-brz-custom-id=\"\">\n<div class=\"brz-wrapper-clone__item\" id=\"w58fQhu9WEsW\"><a class=\"brz-a brz-btn brz-css-a4m5tc brz-css-aim0te brz-css-808vly brz-css-oryl7f\" href=\"https:\/\/kyoobikk.com\/kwp\/\" target=\"_self\" rel=\"noopener\" data-brz-link-type=\"page\" data-brz-custom-id=\"w58fQhu9WEsW\"><span data-brz-translate-text=\"1\" class=\"brz-span brz-text__editor\">en<\/span><\/a><\/div>\n<\/div>\n<\/div>\n<\/div>\n<\/div>\n<\/div>\n<\/div>\n<\/div>\n<\/div>\n<\/section>\n<section id=\"4326ebd701201c963f7d_zeJK0Fq5MoWY\" class=\"brz-section brz-css-159jxg8\">\n<div class=\"brz-section__content brz-section--boxed brz-css-np8g4p brz-css-kzcbxh\" data-brz-custom-id=\"i2S0X2P1p_zh\">\n<div class=\"brz-bg\">\n<div class=\"brz-bg-image\"><\/div>\n<\/div>\n<div class=\"brz-container brz-css-15c086g\">\n<div id=\"\" class=\"brz-css-1p9br96 brz-wrapper\">\n<div class=\"brz-rich-text brz-rich-text__custom brz-css-1quaxkc\" data-brz-custom-id=\"aiuh6QHXPAoI\">\n<div data-brz-translate-text=\"1\">\n<h2 class=\"brz-text-lg-center brz-tp-lg-heading2 brz-css-dUgmh\" data-generated-css=\"brz-css-tnA5S\" data-uniq-id=\"auVKh\"><span style=\"color: rgb(255, 255, 255);\">En Savoir de Plus&#8230;<\/span><\/h2>\n<\/div>\n<\/div>\n<\/div>\n<\/div>\n<\/div>\n<\/section>\n<section id=\"5c97e8bddf2579cf846e_rnlhGHw6Muxr\" class=\"brz-section brz-css-159jxg8\">\n<div class=\"brz-section__content brz-section--boxed brz-css-np8g4p\" data-brz-custom-id=\"qAOQaV98uwLa\">\n<div class=\"brz-container brz-css-15c086g\">\n<div id=\"\" class=\"brz-css-1p9br96 brz-wrapper\">\n<div class=\"brz-rich-text brz-rich-text__custom brz-css-1quaxkc\" data-brz-custom-id=\"ec5Exy24Ws3a\">\n<div data-brz-translate-text=\"1\">\n<p class=\"brz-text-lg-justify brz-tp-lg-empty brz-ff-k2d brz-ft-google brz-fs-lg-20 brz-fss-lg-px brz-fw-lg-600 brz-ls-lg-0 brz-lh-lg-1_8 brz-vfw-lg-400 brz-fwdth-lg-100 brz-fsft-lg-0 brz-css-qIWlu\" data-uniq-id=\"zvwNx\" data-generated-css=\"brz-css-zc9zv\"><strong class=\"brz-cp-color7 brz-bold-true\">PLUS SUR NOUS<\/strong><\/p>\n<p class=\"brz-text-lg-right brz-tp-lg-paragraph brz-css-wMtTg\" data-uniq-id=\"l21_O\" data-generated-css=\"brz-css-hbBZS\"><em class=\"brz-cp-color7\">Kyoobik Krafter (spinoff companies)&nbsp; a endoss\u00e9 une politique de<\/em><\/p>\n<p class=\"brz-text-lg-right brz-tp-lg-paragraph brz-css-oDQRd\" data-uniq-id=\"teFkw\" data-generated-css=\"brz-css-mVM_A\"><em class=\"brz-cp-color7\">croissance durable a travers l\u2019investissement en technologie<\/em><\/p>\n<p class=\"brz-text-lg-right brz-tp-lg-paragraph brz-css-feeS3\" data-uniq-id=\"fhSNz\" data-generated-css=\"brz-css-fomgP\"><em class=\"brz-cp-color7\">sophistiqu\u00e9e dans ses ateliers et usines, la cr\u00e9ation d&#8217;infrastructures<\/em><\/p>\n<p class=\"brz-text-lg-right brz-tp-lg-paragraph brz-css-sIqHm\" data-uniq-id=\"zkS0Y\" data-generated-css=\"brz-css-lrsmA\"><em class=\"brz-cp-color7\">pour la protection de l&#8217;environnement et la sp\u00e9cialisation de ses <\/em><\/p>\n<p class=\"brz-text-lg-right brz-tp-lg-paragraph brz-css-ss3fh\" data-uniq-id=\"lS5BM\" data-generated-css=\"brz-css-miyAd\"><em class=\"brz-cp-color7\">ressources humaines.<\/em><\/p>\n<p class=\"brz-text-lg-right brz-tp-lg-paragraph brz-css-m3LjC\" data-uniq-id=\"vYIPH\" data-generated-css=\"brz-css-nO3FF\"><em class=\"brz-cp-color7\"> <\/em><\/p>\n<p class=\"brz-text-lg-right brz-tp-lg-paragraph brz-css-jZ6JP\" data-uniq-id=\"eCRm6\" data-generated-css=\"brz-css-vxQhH\"><em class=\"brz-cp-color7\">Avec une capacit\u00e9 de production flexible (industrie 4.0) mais aussi<\/em><\/p>\n<p class=\"brz-text-lg-right brz-tp-lg-paragraph brz-css-zAaNC\" data-uniq-id=\"v_YR6\" data-generated-css=\"brz-css-jFT1R\"><em class=\"brz-cp-color7\">forte incorporation handmade (entre postes de travail, \u00e9tag\u00e8res,<\/em><\/p>\n<p class=\"brz-text-lg-right brz-tp-lg-paragraph brz-css-i6E_j\" data-uniq-id=\"oCzWK\" data-generated-css=\"brz-css-iQKip\"><em class=\"brz-cp-color7\">armoires, chaises, canap\u00e9s &amp; contract).<\/em><\/p>\n<p class=\"brz-text-lg-right brz-tp-lg-paragraph brz-css-wZ9gf\" data-uniq-id=\"qqJNG\" data-generated-css=\"brz-css-o0Ada\"><em class=\"brz-cp-color7\">Ayant capacit\u00e9 de&nbsp; transformation du bois, de l&#8217;acier, l&#8217;aluminium,<\/em><\/p>\n<p class=\"brz-text-lg-right brz-tp-lg-paragraph brz-css-qTEYp\" data-uniq-id=\"wyQXg\" data-generated-css=\"brz-css-uvCax\"><em class=\"brz-cp-color7\">stratifi\u00e9s et m\u00e9lamin\u00e9s ainsi que d\u2019autres mati\u00e8res.<\/em><\/p>\n<p class=\"brz-text-lg-right brz-tp-lg-paragraph brz-css-rkXC1\" data-uniq-id=\"ujwsw\" data-generated-css=\"brz-css-xTbhr\"><em class=\"brz-cp-color7\"> <\/em><\/p>\n<p class=\"brz-text-lg-right brz-tp-lg-paragraph brz-css-yjJ1J\" data-uniq-id=\"w_Mgu\" data-generated-css=\"brz-css-bgrNH\"><em class=\"brz-cp-color7\">L&#8217;accent mis sur le design et la qualit\u00e9 sont des facteurs qui nous<\/em><\/p>\n<p class=\"brz-text-lg-right brz-tp-lg-paragraph brz-css-vdbgj\" data-uniq-id=\"iR0or\" data-generated-css=\"brz-css-uOQgI\"><em class=\"brz-cp-color7\">d\u00e9finissent en tant que r\u00e9f\u00e9rence.<\/em><\/p>\n<p class=\"brz-text-lg-right brz-tp-lg-paragraph brz-css-fpl_N\" data-uniq-id=\"k9MrR\" data-generated-css=\"brz-css-a9WDK\"><em class=\"brz-cp-color7\"> <\/em><\/p>\n<p class=\"brz-text-lg-right brz-tp-lg-paragraph brz-css-lYbGe\" data-uniq-id=\"sg46z\" data-generated-css=\"brz-css-hAtir\"><em class=\"brz-cp-color7\">Nous cr\u00e9ons des produits ergonomiques avec un design attrayant.<\/em><\/p>\n<p class=\"brz-text-lg-right brz-tp-lg-paragraph brz-css-d1Bhd\" data-uniq-id=\"d7TNi\" data-generated-css=\"brz-css-qYtPu\"><em class=\"brz-cp-color7\">Nos solutions&nbsp; sont synonymes de&nbsp; fonctionnalit\u00e9, dynamisme et<\/em><\/p>\n<p class=\"brz-text-lg-right brz-tp-lg-paragraph brz-css-fGEii\" data-uniq-id=\"lRkUv\" data-generated-css=\"brz-css-aAOCL\"><em class=\"brz-cp-color7\">confort,<\/em><\/p>\n<p class=\"brz-text-lg-right brz-tp-lg-paragraph brz-css-zw46j\" data-uniq-id=\"zTnDh\" data-generated-css=\"brz-css-eGt_5\"><em class=\"brz-cp-color7\">d\u00e9veloppe des solutions compl\u00e8tes et cl\u00e9-en-main&nbsp; pour <\/em><\/p>\n<p class=\"brz-text-lg-right brz-tp-lg-paragraph brz-css-pJCQT\" data-uniq-id=\"iQ_cA\" data-generated-css=\"brz-css-f3Uxi\"><em class=\"brz-cp-color7\">ses clients<\/em><\/p>\n<p class=\"brz-text-lg-right brz-tp-lg-paragraph brz-css-xFwue\" data-uniq-id=\"mxaNs\" data-generated-css=\"brz-css-nng0J\"><em class=\"brz-cp-color7\">ainsi que les architectes et les designers.<\/em><\/p>\n<p class=\"brz-text-lg-right brz-tp-lg-paragraph brz-css-y0Dhx\" data-uniq-id=\"blsqF\" data-generated-css=\"brz-css-yWUVM\"><em class=\"brz-cp-color7\"> <\/em><\/p>\n<p class=\"brz-text-lg-right brz-tp-lg-paragraph brz-css-gOzlo\" data-uniq-id=\"wgQod\" data-generated-css=\"brz-css-og3dk\"><em class=\"brz-cp-color7\">L&#8217;environnement de travail et de l\u2019habitat doit respecter et \u00eatre<\/em><\/p>\n<p class=\"brz-text-lg-right brz-tp-lg-paragraph brz-css-iYWP8\" data-uniq-id=\"fWCtk\" data-generated-css=\"brz-css-xkhze\"><em class=\"brz-cp-color7\">adapt\u00e9 aux besoins sp\u00e9cifiques de chaque projet.<\/em><\/p>\n<p class=\"brz-text-lg-right brz-tp-lg-paragraph brz-css-tubvg\" data-uniq-id=\"pVePi\" data-generated-css=\"brz-css-h5KP1\"><em class=\"brz-cp-color7\">Une approche et perspective multidisciplinaire et l&#8217;importance du contexte, assure la<\/em><\/p>\n<p class=\"brz-text-lg-right brz-tp-lg-paragraph brz-css-tO5kv\" data-uniq-id=\"h7whI\" data-generated-css=\"brz-css-yQ2fl\"><em class=\"brz-cp-color7\">singularit\u00e9 de la solution dans la r\u00e9alisation des objectifs de chaque projet.<\/em><\/p>\n<p class=\"brz-text-lg-right brz-tp-lg-paragraph brz-css-p7I77\" data-uniq-id=\"cAI4w\" data-generated-css=\"brz-css-lQT9p\"><em class=\"brz-cp-color7\"> <\/em><\/p>\n<p class=\"brz-text-lg-right brz-tp-lg-paragraph brz-css-l5_U0\" data-uniq-id=\"p5Mpx\" data-generated-css=\"brz-css-s4xVF\"><em class=\"brz-cp-color7\">Le design, les d\u00e9tails et la fonctionnalit\u00e9 sont des <\/em><\/p>\n<p class=\"brz-text-lg-right brz-tp-lg-paragraph brz-css-k6AZZ\" data-uniq-id=\"lkQS1\" data-generated-css=\"brz-css-wdtpk\"><em class=\"brz-cp-color7\">attributs privil\u00e9gi\u00e9s pour Kyoobik Krafter.<\/em><\/p>\n<p class=\"brz-text-lg-right brz-tp-lg-paragraph brz-css-tS_A8\" data-uniq-id=\"vTiZ6\" data-generated-css=\"brz-css-lgX4l\"><em class=\"brz-cp-color7\"> <\/em><\/p>\n<p class=\"brz-text-lg-right brz-tp-lg-paragraph brz-css-eTk7q\" data-uniq-id=\"hI9qL\" data-generated-css=\"brz-css-q1wIi\"><em class=\"brz-cp-color7\">Nos collections de produits et services&nbsp; refl\u00e8te la constante<\/em><\/p>\n<p class=\"brz-text-lg-right brz-tp-lg-paragraph brz-css-isVcs\" data-uniq-id=\"eIeRR\" data-generated-css=\"brz-css-yWlrd\"><em class=\"brz-cp-color7\">recherche d&#8217;un \u00e9quilibre entre la beaut\u00e9 et la fonction.<\/em><\/p>\n<p class=\"brz-text-lg-right brz-tp-lg-paragraph brz-css-kTXRw\" data-uniq-id=\"n6dcd\" data-generated-css=\"brz-css-zyrX2\"><em class=\"brz-cp-color7\"> <\/em><\/p>\n<p class=\"brz-text-lg-right brz-tp-lg-paragraph brz-css-mD3hJ\" data-uniq-id=\"zGH_X\" data-generated-css=\"brz-css-qhMCt\"><em class=\"brz-cp-color7\">En tant qu\u2019experts en d\u00e9veloppement et conception de produits<\/em><\/p>\n<p class=\"brz-text-lg-right brz-tp-lg-paragraph brz-css-baOjs\" data-uniq-id=\"haXKM\" data-generated-css=\"brz-css-kxAk6\"><em class=\"brz-cp-color7\">personnalis\u00e9s, K + K Studio fournit une gamme flexible,<\/em><\/p>\n<p class=\"brz-text-lg-right brz-tp-lg-paragraph brz-css-a7pdl\" data-uniq-id=\"fkLDG\" data-generated-css=\"brz-css-npzuu\"><em class=\"brz-cp-color7\">adaptable et compl\u00e8te de solutions capables de<\/em><\/p>\n<p class=\"brz-text-lg-right brz-tp-lg-paragraph brz-css-cMNs8\" data-uniq-id=\"vHdoc\" data-generated-css=\"brz-css-jFOKr\"><em class=\"brz-cp-color7\">satisfaire tous les besoins du march\u00e9.<\/em><\/p>\n<p class=\"brz-text-lg-right brz-tp-lg-paragraph brz-css-aWzki\" data-uniq-id=\"t18xv\" data-generated-css=\"brz-css-osN3n\"><span class=\"brz-cp-color7\"> <\/span><\/p>\n<p class=\"brz-text-lg-justify brz-tp-lg-empty brz-ff-k2d brz-ft-google brz-fs-lg-20 brz-fss-lg-px brz-fw-lg-600 brz-ls-lg-0 brz-lh-lg-1_8 brz-vfw-lg-400 brz-fwdth-lg-100 brz-fsft-lg-0 brz-css-jyzVH\" data-uniq-id=\"fC7OO\" data-generated-css=\"brz-css-c7IP3\"><strong class=\"brz-cp-color7 brz-bold-true\">ECO FRIENDLY<\/strong><\/p>\n<p class=\"brz-text-lg-right brz-tp-lg-paragraph brz-css-iiwAp\" data-uniq-id=\"iy7Bk\" data-generated-css=\"brz-css-gJb6h\"><em class=\"brz-cp-color7\">L\u2019\u00e9co design est un concept d&#8217;avant-garde du d\u00e9veloppement<\/em><\/p>\n<p class=\"brz-text-lg-right brz-tp-lg-paragraph brz-css-pXyen\" data-uniq-id=\"wn20v\" data-generated-css=\"brz-css-sM7Up\"><em class=\"brz-cp-color7\">durable. C\u2019est un concept qui consiste \u00e0 r\u00e9duire l&#8217;impact humain<\/em><\/p>\n<p class=\"brz-text-lg-right brz-tp-lg-paragraph brz-css-z7rJ8\" data-uniq-id=\"q8pw2\" data-generated-css=\"brz-css-lX6Kx\"><em class=\"brz-cp-color7\">tout au long du cycle de vie des produits.<\/em><\/p>\n<p class=\"brz-text-lg-right brz-tp-lg-paragraph brz-css-u2JUF\" data-uniq-id=\"zsFBK\" data-generated-css=\"brz-css-dWGVm\"><em class=\"brz-cp-color7\">Les principaux points analys\u00e9s et \u00e9valu\u00e9s sont: le choix des<\/em><\/p>\n<p class=\"brz-text-lg-right brz-tp-lg-paragraph brz-css-u5wKE\" data-uniq-id=\"h8WIe\" data-generated-css=\"brz-css-mJsrL\"><em class=\"brz-cp-color7\">mati\u00e8res premi\u00e8res, le meilleur processus de production, les<\/em><\/p>\n<p class=\"brz-text-lg-right brz-tp-lg-paragraph brz-css-dI_iG\" data-uniq-id=\"zTovy\" data-generated-css=\"brz-css-zX2mX\"><em class=\"brz-cp-color7\">meilleures options de transport et emballage de nos produits,<\/em><\/p>\n<p class=\"brz-text-lg-right brz-tp-lg-paragraph brz-css-dVjDR\" data-uniq-id=\"pLrkP\" data-generated-css=\"brz-css-yauBH\"><em class=\"brz-cp-color7\">ainsi que maximiser le taux de recyclage de ces derniers en fin<\/em><\/p>\n<p class=\"brz-text-lg-right brz-tp-lg-paragraph brz-css-ynZR5\" data-uniq-id=\"po2sS\" data-generated-css=\"brz-css-mL5Do\"><em class=\"brz-cp-color7\">de vie.<\/em><\/p>\n<p class=\"brz-text-lg-right brz-tp-lg-paragraph brz-css-vfRMX\" data-uniq-id=\"n5wKf\" data-generated-css=\"brz-css-eaOek\"><em class=\"brz-cp-color7\"> <\/em><\/p>\n<p class=\"brz-text-lg-right brz-tp-lg-paragraph brz-css-gG02_\" data-uniq-id=\"m9Ru4\" data-generated-css=\"brz-css-iQXBZ\"><em class=\"brz-cp-color7\">Nous endossons notre engagement et respectons la cha\u00eene de<\/em><\/p>\n<p class=\"brz-text-lg-right brz-tp-lg-paragraph brz-css-qgYJE\" data-uniq-id=\"f3Nkw\" data-generated-css=\"brz-css-wiEOi\"><em class=\"brz-cp-color7\">responsabilit\u00e9 envers l&#8217;environnement.<\/em><\/p>\n<p class=\"brz-text-lg-right brz-tp-lg-paragraph brz-css-vKZWy\" data-uniq-id=\"aXZiS\" data-generated-css=\"brz-css-bwbgc\"><em class=\"brz-cp-color7\"> <\/em><\/p>\n<p class=\"brz-text-lg-right brz-tp-lg-paragraph brz-css-hiJrQ\" data-uniq-id=\"hCWuh\" data-generated-css=\"brz-css-nZZFo\"><em class=\"brz-cp-color7\">Outsourcing Manager<\/em><\/p>\n<p class=\"brz-text-lg-right brz-tp-lg-paragraph brz-css-xraxM\" data-uniq-id=\"lzgyU\" data-generated-css=\"brz-css-a9SPR\"><em class=\"brz-cp-color7\">JJ Gautier<\/em><\/p>\n<\/div>\n<\/div>\n<\/div>\n<\/div>\n<\/div>\n<\/section>\n<section id=\"21e252192888eff30a7a_wdHsUDlkeJeK\" class=\"brz-section brz-css-159jxg8\">\n<div class=\"brz-section__content brz-section--boxed brz-css-np8g4p brz-css-u53i4r\" data-brz-custom-id=\"hw82DChW1gFO\">\n<div class=\"brz-bg\">\n<div class=\"brz-bg-color\"><\/div>\n<\/div>\n<div class=\"brz-container brz-css-15c086g\">\n<div class=\"brz-row__container brz-css-adlaqh brz-css-yawl8g\" data-brz-custom-id=\"hHsNUmz_SXfx\">\n<div class=\"brz-bg\"><\/div>\n<div class=\"brz-row brz-css-vvqa3c brz-css-sn23t4\">\n<div class=\"brz-columns brz-css-1fqjht2 brz-css-1fgeh3b\" data-brz-custom-id=\"v8nFL2_HDewm\">\n<div class=\"brz-bg\"><\/div>\n<div class=\"brz-column__items brz-css-1p2cjpu\">\n<div class=\"brz-row__container brz-css-adlaqh\" data-brz-custom-id=\"xubturzDXINQ\">\n<div class=\"brz-bg\"><\/div>\n<div class=\"brz-row brz-row--inner brz-css-vvqa3c\">\n<div class=\"brz-columns brz-css-1fqjht2 brz-css-1x0q72b\" data-brz-custom-id=\"vpMet04qlZda\">\n<div class=\"brz-bg\">\n<div class=\"brz-bg-image\"><\/div>\n<\/div>\n<div class=\"brz-column__items brz-css-1p2cjpu brz-css-5jhk51\"><\/div>\n<\/div>\n<div class=\"brz-columns brz-css-1fqjht2 brz-css-mllpka\" data-brz-custom-id=\"fMgXEqlmZQ6T\">\n<div class=\"brz-bg\"><\/div>\n<div class=\"brz-column__items brz-css-1p2cjpu\">\n<div id=\"\" class=\"brz-css-1p9br96 brz-wrapper\">\n<div class=\"brz-rich-text brz-rich-text__custom brz-css-1quaxkc\" data-brz-custom-id=\"pjJ_dSojLfOE\">\n<div data-brz-translate-text=\"1\">\n<p class=\"brz-tp-lg-paragraph brz-css-pqW1A\" data-generated-css=\"brz-css-j2skG\" data-uniq-id=\"r1_T7\"><span style=\"color: rgb(186, 186, 186);\" class=\"brz-cp-color7\"> <\/span><\/p>\n<p class=\"brz-tp-lg-paragraph brz-css-ne__Y\" data-generated-css=\"brz-css-j2skG\" data-uniq-id=\"r1_T7\"><span style=\"color: rgb(186, 186, 186);\" class=\"brz-cp-color7\">. U.E. conception \u2013 design \u2013 manufacture.<\/span><\/p>\n<p class=\"brz-tp-lg-paragraph brz-css-l_Nhu\" data-generated-css=\"brz-css-nazBg\" data-uniq-id=\"iyH4y\"><span style=\"color: rgb(186, 186, 186);\" class=\"brz-cp-color7\">. Exclusive French &amp; Uk conception &amp; design.<\/span><\/p>\n<p class=\"brz-tp-lg-paragraph brz-css-yvfd0\" data-generated-css=\"brz-css-gJpln\" data-uniq-id=\"vCoBp\"><span style=\"color: rgb(186, 186, 186);\" class=\"brz-cp-color7\">. Manufactured&nbsp;in&nbsp;Portugal.<\/span><\/p>\n<p class=\"brz-tp-lg-paragraph brz-css-dZ7i7\" data-generated-css=\"brz-css-sckRn\" data-uniq-id=\"qM__Z\"><\/p>\n<\/div>\n<\/div>\n<\/div>\n<\/div>\n<\/div>\n<\/div>\n<\/div>\n<\/div>\n<\/div>\n<div class=\"brz-columns brz-css-1fqjht2 brz-css-kbt86i\" data-brz-custom-id=\"efdB4Srs4GYb\">\n<div class=\"brz-bg\"><\/div>\n<div class=\"brz-column__items brz-css-1p2cjpu\">\n<div class=\"brz-wrapper-clone brz-css-6gzhyq\">\n<div class=\"brz-d-xs-flex brz-flex-xs-wrap brz-css-tkdunl brz-css-d4jq95\" data-brz-custom-id=\"\">\n<div class=\"brz-wrapper-clone__item\" id=\"qEgS1vkicVEr\">\n<div class=\"brz-icon__container\" data-brz-custom-id=\"qEgS1vkicVEr\"><a class=\"brz-a\" href=\"https:\/\/www.facebook.com\/kyoobikk\" target=\"_self\" rel=\"noopener\" data-brz-link-type=\"external\"><span class=\"brz-icon brz-span brz-css-1xmdyc brz-css-1w1ikac\"><svg class=\"brz-icon-svg align-[initial]\"><use href=\"\/kwp\/wp-content\/plugins\/brizy\/public\/editor-build\/prod\/editor\/icons\/glyph\/logo-fb-simple.svg#nc_icon\"><\/use><\/svg><\/span><\/a><\/div>\n<\/div>\n<div class=\"brz-wrapper-clone__item\" id=\"xuoXH8A3ikyZ\">\n<div class=\"brz-icon__container\" data-brz-custom-id=\"xuoXH8A3ikyZ\"><span class=\"brz-icon brz-span brz-css-1xmdyc brz-css-act2px\"><svg class=\"brz-icon-svg align-[initial]\"><use href=\"\/kwp\/wp-content\/plugins\/brizy\/public\/editor-build\/prod\/editor\/icons\/glyph\/logo-youtube.svg#nc_icon\"><\/use><\/svg><\/span><\/div>\n<\/div>\n<\/div>\n<\/div>\n<div id=\"\" class=\"brz-css-1p9br96 brz-wrapper\">\n<div class=\"brz-rich-text brz-rich-text__custom brz-css-1quaxkc\" data-brz-custom-id=\"hCmzZ_4IEtai\">\n<div data-brz-translate-text=\"1\">\n<p class=\"brz-tp-lg-heading6 brz-text-xs-center brz-text-lg-right brz-css-fXrOY\" data-uniq-id=\"j1Pfp\" data-generated-css=\"brz-css-lMmqr\"><span style=\"color: rgb(186, 186, 186);\"> <\/span><a class=\"link--external\" style=\"color: rgb(186, 186, 186);\" href=\"MAILTO:factory@kyoobikk.com\" data-brz-link-type=\"external\">factory@kyoobikk.com<\/a><span style=\"color: rgb(186, 186, 186);\"> &#8211; <\/span><a class=\"link--external\" style=\"color: rgb(186, 186, 186);\" href=\"mailto:request@kyoobikk.com\" data-brz-link-type=\"external\">request@kyoobikk.com<\/a><span style=\"color: rgb(186, 186, 186);\"> <\/span><\/p>\n<p class=\"brz-tp-lg-heading6 brz-text-xs-center brz-text-lg-right brz-css-nNMiU\" data-uniq-id=\"dkn5m\" data-generated-css=\"brz-css-eEE1p\"><span style=\"color: rgb(186, 186, 186);\"> <\/span><\/p>\n<p class=\"brz-tp-lg-heading6 brz-text-xs-center brz-text-lg-right brz-css-fcyZ7\" data-uniq-id=\"jaaRe\" data-generated-css=\"brz-css-xuCBX\"><span style=\"color: rgb(186, 186, 186);\">\u00a9 kyoobik krafter 2024 &#8211; All rights reserved<\/span><\/p>\n<p data-uniq-id=\"jA9K_\" data-generated-css=\"brz-css-vLiiv\" class=\"brz-tp-lg-heading6 brz-text-xs-center brz-text-lg-right brz-css-kILlY\"><span class=\"brz-cp-color8\"> <\/span><span class=\"brz-cp-color1\">Design by <\/span><a class=\"link--external brz-cp-color1\" href=\"https:\/\/www.cbi.pt\" data-brz-link-type=\"external\" target=\"_blank\">cbi.pt<\/a><\/p>\n<\/div>\n<\/div>\n<\/div>\n<\/div>\n<\/div>\n<\/div>\n<\/div>\n<\/div>\n<\/div>\n<\/section>\n<\/div>\n<p>    <!-- version:1740780517 --><\/p>\n","protected":false},"excerpt":{"rendered":"<p>Home Nous Sommes&#8230; Entreprise Produits en En Savoir de Plus&#8230; PLUS SUR NOUS Kyoobik Krafter (spinoff companies)&nbsp; a endoss\u00e9 une politique de croissance durable a travers l\u2019investissement en technologie sophistiqu\u00e9e dans ses ateliers et usines, la cr\u00e9ation d&#8217;infrastructures pour la protection de l&#8217;environnement et la sp\u00e9cialisation de ses ressources humaines. Avec une capacit\u00e9 de production [&hellip;]<\/p>\n","protected":false},"author":1,"featured_media":0,"parent":0,"menu_order":0,"comment_status":"closed","ping_status":"closed","template":"brizy-blank-template.php","meta":{"footnotes":""},"class_list":["post-592","page","type-page","status-publish","hentry"],"blocksy_meta":[],"_links":{"self":[{"href":"https:\/\/kyoobikk.com\/kwp\/wp-json\/wp\/v2\/pages\/592","targetHints":{"allow":["GET"]}}],"collection":[{"href":"https:\/\/kyoobikk.com\/kwp\/wp-json\/wp\/v2\/pages"}],"about":[{"href":"https:\/\/kyoobikk.com\/kwp\/wp-json\/wp\/v2\/types\/page"}],"author":[{"embeddable":true,"href":"https:\/\/kyoobikk.com\/kwp\/wp-json\/wp\/v2\/users\/1"}],"replies":[{"embeddable":true,"href":"https:\/\/kyoobikk.com\/kwp\/wp-json\/wp\/v2\/comments?post=592"}],"version-history":[{"count":5,"href":"https:\/\/kyoobikk.com\/kwp\/wp-json\/wp\/v2\/pages\/592\/revisions"}],"predecessor-version":[{"id":611,"href":"https:\/\/kyoobikk.com\/kwp\/wp-json\/wp\/v2\/pages\/592\/revisions\/611"}],"wp:attachment":[{"href":"https:\/\/kyoobikk.com\/kwp\/wp-json\/wp\/v2\/media?parent=592"}],"curies":[{"name":"wp","href":"https:\/\/api.w.org\/{rel}","templated":true}]}}